{"id":13902,"date":"2023-01-18T16:04:54","date_gmt":"2023-01-18T15:04:54","guid":{"rendered":"https:\/\/www.de-waldhoorn.nl\/veluwe-tips\/"},"modified":"2023-05-10T18:21:34","modified_gmt":"2023-05-10T17:21:34","slug":"veluwe-tips","status":"publish","type":"page","link":"https:\/\/www.de-waldhoorn.nl\/de\/veluwe-tips\/","title":{"rendered":"Veluwe Tips"},"content":{"rendered":"<div class=\"wpb-content-wrapper\"><p>[vc_row][vc_column][\/vc_column][\/vc_row][vc_row equal_height=&#8220;yes&#8220; css=&#8220;.vc_custom_1668893610561{margin-top: 50px !important;padding-bottom: 53px !important;}&#8220;][vc_column]<div class=\"eltd-section-title-outer-holder\" style=\"text-align: center\">\n\n\t\n\t\t\t<div class=\"eltd-section-title-title-holder\">\n\t\t\t\t<h2 class=\"eltd-section-title\" style=\";font-size: 42px;;font-weight: 600;line-height: 63px;text-transform: Uppercase;letter-spacing: 5px;\">\n\t\t\t\tWas auf der Veluwe zu tun ist\t\t\t\t<\/h2>\n\t\t<\/div>\n\t\n<\/div>[vc_column_text]<\/p>\n<p style=\"text-align: center;\">Entdecken Sie die Hoge Veluwe! Dieses riesige Naturgebiet \u00fcberrascht Sie immer wieder; jede Jahreszeit hat ihre Reize. Von den sch\u00f6nsten Farben im Herbst bis zu einer lila Heide in voller Bl\u00fcte im August. Wandern \u00fcber Sandverwehungen, durch dichte W\u00e4lder und vorbei an sch\u00f6nen Teichen. Die Natur hat auf der Veluwe freie Bahn. Die ber\u00fchmten Big Five wie Rotwild, Wildschweine und F\u00fcchse haben hier viel Platz.<\/p>\n<p style=\"text-align: center;\">De Waldhoorn selbst organisiert Wildtier-Radtouren in Begleitung unseres Veluwe-F\u00fchrers. Sie legt Rad- und Wanderrouten fest und kennt die sch\u00f6nsten Orte in der Veluwe. Nachfolgend finden Sie einige Tipps aus dem Veluwe-F\u00fchrer von De Waldhoorn \u00fcber die Gegend von Otterlo in Kombination mit Fahrradrouten und Wanderwegen. Von bekannten Sehensw\u00fcrdigkeiten wie dem Hoge Veluwe-Nationalpark bis hin zu den besten Pl\u00e4tzen f\u00fcr Wildtiere.<\/p>\n<p>[\/vc_column_text][\/vc_column][\/vc_row][vc_row css=&#8220;.vc_custom_1668893773283{padding-bottom: 53px !important;}&#8220;][vc_column width=&#8220;1\/3&#8243;]<div class=\"eltd-section-title-outer-holder\" style=\"text-align: center\">\n\n\t\n\t\t\t<div class=\"eltd-section-title-title-holder\">\n\t\t\t\t<h3 class=\"eltd-section-title\" style=\";font-size: 22px;;;;;;\">\n\t\t\t\tTip 1: Kreelse Plas\t\t\t\t<\/h3>\n\t\t<\/div>\n\t\n<\/div>[vc_gallery type=&#8220;flexslider_slide&#8220; interval=&#8220;5&#8243; images=&#8220;10479,10491&#8243; img_size=&#8220;300 x 200&#8243; css=&#8220;.vc_custom_1668893652209{margin-top: 25px !important;}&#8220;][vc_column_text]<\/p>\n<p style=\"text-align: center;\">Der Kreelsee ist ein wunderbarer Ort, um auf einer Bank zu sitzen und viele Arten von Schmetterlingen, Sing- und Wasserv\u00f6geln zu beobachten und zu h\u00f6ren. Auch spanische Rinder grasen dort oft, sch\u00f6n&#8230; <a href=\"https:\/\/www.de-waldhoorn.nl\/kreelse-plas\/\" target=\"_blank\" rel=\"noopener\">mehr lesen<\/a><\/p>\n<p>[\/vc_column_text][\/vc_column][vc_column width=&#8220;1\/3&#8243;]<div class=\"eltd-section-title-outer-holder\" style=\"text-align: center\">\n\n\t\n\t\t\t<div class=\"eltd-section-title-title-holder\">\n\t\t\t\t<h3 class=\"eltd-section-title\" style=\";font-size: 22px;;;;;;\">\n\t\t\t\tTip 2: Celtic Fields\t\t\t\t<\/h3>\n\t\t<\/div>\n\t\n<\/div>[vc_gallery type=&#8220;flexslider_slide&#8220; interval=&#8220;5&#8243; images=&#8220;10482,10506,10509&#8243; img_size=&#8220;300 x 200&#8243; css=&#8220;.vc_custom_1668893663933{margin-top: 25px !important;}&#8220;][vc_column_text]<\/p>\n<p style=\"text-align: center;\">Der Wekeromse Zand bei Ede war bereits in der Eisenzeit besiedelt. In diesem Gebiet befindet sich der gr\u00f6\u00dfte Komplex keltischer Felder in unserem Land. Sieben Hap &amp; Trap-Routen beginnen am Waldhoorn, drei davon f\u00fchren entlang der Celtic Fields. Es ist ein wundersch\u00f6ner Ort mit viel Geschichte, perfekt&#8230;. <a href=\"https:\/\/www.de-waldhoorn.nl\/celtic-fields\/\" target=\"_blank\" rel=\"noopener\">Mehr lesen<\/a><\/p>\n<p>[\/vc_column_text][\/vc_column][vc_column width=&#8220;1\/3&#8243;]<div class=\"eltd-section-title-outer-holder\" style=\"text-align: center\">\n\n\t\n\t\t\t<div class=\"eltd-section-title-title-holder\">\n\t\t\t\t<h3 class=\"eltd-section-title\" style=\";font-size: 22px;;;;;;\">\n\t\t\t\tTip 3: Kr\u00f6ller-M\u00fcller Museum\t\t\t\t<\/h3>\n\t\t<\/div>\n\t\n<\/div>[vc_gallery type=&#8220;flexslider_slide&#8220; interval=&#8220;5&#8243; images=&#8220;10446,10515&#8243; img_size=&#8220;300 x 200&#8243; css=&#8220;.vc_custom_1668893671580{margin-top: 25px !important;}&#8220;][vc_column_text]<\/p>\n<p style=\"text-align: center;\">Das Kr\u00f6ller-M\u00fcller-Museum beherbergt die zweitgr\u00f6\u00dfte Van-Gogh-Sammlung der Welt: fast 90 Gem\u00e4lde und \u00fcber 180 Zeichnungen. In der Van-Gogh-Galerie sind rund 40 Werke von Vincent van Gogh in wechselnden Zusammenstellungen zu sehen. Dar\u00fcber hinaus sehen Sie Meisterwerke von&#8230;<a href=\"https:\/\/www.de-waldhoorn.nl\/het-kroller-muller-museum\/\" target=\"_blank\" rel=\"noopener\">mehr lesen<\/a><\/p>\n<p>[\/vc_column_text][\/vc_column][\/vc_row][vc_row css=&#8220;.vc_custom_1668893783788{padding-bottom: 53px !important;}&#8220;][vc_column width=&#8220;1\/3&#8243;]<div class=\"eltd-section-title-outer-holder\" style=\"text-align: center\">\n\n\t\n\t\t\t<div class=\"eltd-section-title-title-holder\">\n\t\t\t\t<h3 class=\"eltd-section-title\" style=\";font-size: 22px;;;;;;\">\n\t\t\t\tTip 4: Jachthuis Sint Hubertus\t\t\t\t<\/h3>\n\t\t<\/div>\n\t\n<\/div>[vc_gallery type=&#8220;flexslider_slide&#8220; interval=&#8220;5&#8243; images=&#8220;10512,10520,10523&#8243; img_size=&#8220;300 x 200&#8243; css=&#8220;.vc_custom_1668893681640{margin-top: 25px !important;}&#8220;][vc_column_text]<\/p>\n<p style=\"text-align: center;\">Das Jachthuis Sint Hubertus, der ehemalige Landsitz des Ehepaars Kr\u00f6ller-M\u00fcller, ist eines der bedeutendsten Geb\u00e4ude in den Niederlanden. Wir sitzen hier auf dem Rasen vor dem Teich des Jagdschlosses St. Georg. Hubertus, in meinen Augen einer der&#8230;<a href=\"https:\/\/www.de-waldhoorn.nl\/jachthuis-sint-hubertus\/\" target=\"_blank\" rel=\"noopener\">Mehr lesen<\/a><\/p>\n<p>[\/vc_column_text][\/vc_column][vc_column width=&#8220;1\/3&#8243;]<div class=\"eltd-section-title-outer-holder\" style=\"text-align: center\">\n\n\t\n\t\t\t<div class=\"eltd-section-title-title-holder\">\n\t\t\t\t<h3 class=\"eltd-section-title\" style=\";font-size: 22px;;;;;;\">\n\t\t\t\tTip 5: Mosselseveld\t\t\t\t<\/h3>\n\t\t<\/div>\n\t\n<\/div>[vc_gallery type=&#8220;flexslider_slide&#8220; interval=&#8220;5&#8243; images=&#8220;10526,10529,10532&#8243; img_size=&#8220;300 x 200&#8243; css=&#8220;.vc_custom_1668893687709{margin-top: 25px !important;}&#8220;][vc_column_text]<\/p>\n<p style=\"text-align: center;\">Das Mosselseveld ist Teil eines mehr als 2.100 ha gro\u00dfen Naturschutzgebietes und geh\u00f6rt dem Verein Natuurmonumenten. Planken Wambuis ist ein Treibsandgebiet, das gr\u00f6\u00dftenteils&#8230; <a href=\"https:\/\/www.de-waldhoorn.nl\/mosselseveld\/\" target=\"_blank\" rel=\"noopener\">Mehr lesen<\/a><\/p>\n<p>[\/vc_column_text][\/vc_column][vc_column width=&#8220;1\/3&#8243;]<div class=\"eltd-section-title-outer-holder\" style=\"text-align: center\">\n\n\t\n\t\t\t<div class=\"eltd-section-title-title-holder\">\n\t\t\t\t<h3 class=\"eltd-section-title\" style=\";font-size: 22px;;;;;;\">\n\t\t\t\tTip 6: De Koepel\t\t\t\t<\/h3>\n\t\t<\/div>\n\t\n<\/div>[vc_gallery type=&#8220;flexslider_slide&#8220; interval=&#8220;5&#8243; images=&#8220;10535,10538,10541&#8243; img_size=&#8220;300 x 200&#8243; css=&#8220;.vc_custom_1668893694544{margin-top: 25px !important;}&#8220;][vc_column_text]<\/p>\n<p style=\"text-align: center;\">Der Koepel in Lunteren ist ein Aussichtsturm mit einem herrlichen Blick \u00fcber die Luntersche Buurtbosch. Dieses Nationaldenkmal ist 25 Meter hoch und kann von April bis Oktober besichtigt werden. <a href=\"https:\/\/www.de-waldhoorn.nl\/de-koepel-lunteren\/\" target=\"_blank\" rel=\"noopener\">Mehr lesen<\/a><\/p>\n<p>[\/vc_column_text][\/vc_column][\/vc_row][vc_row css=&#8220;.vc_custom_1668893791447{padding-bottom: 53px !important;}&#8220;][vc_column width=&#8220;1\/3&#8243;]<div class=\"eltd-section-title-outer-holder\" style=\"text-align: center\">\n\n\t\n\t\t\t<div class=\"eltd-section-title-title-holder\">\n\t\t\t\t<h3 class=\"eltd-section-title\" style=\";font-size: 22px;;;;;;\">\n\t\t\t\tTip 7: Mosselsezand\t\t\t\t<\/h3>\n\t\t<\/div>\n\t\n<\/div>[vc_gallery type=&#8220;flexslider_slide&#8220; interval=&#8220;5&#8243; images=&#8220;10545,10548&#8243; img_size=&#8220;300 x 200&#8243; css=&#8220;.vc_custom_1668893708256{margin-top: 25px !important;}&#8220;][vc_column_text]<\/p>\n<p style=\"text-align: center;\">Der Mosselsezand, s\u00fcdlich von Otterlo gelegen, ist ein gro\u00dfes Treibsandgebiet. Ein sch\u00f6nes Gebiet zum Wandern und Spielen mit Kindern. Der Mosselsezand ist Teil des Naturschutzgebietes Planken Wambuis,&#8230; <a href=\"https:\/\/www.de-waldhoorn.nl\/het-mosselsezand\/\" target=\"_blank\" rel=\"noopener\">Mehr lesen<\/a><\/p>\n<p>[\/vc_column_text][\/vc_column][vc_column width=&#8220;1\/3&#8243;]<div class=\"eltd-section-title-outer-holder\" style=\"text-align: center\">\n\n\t\n\t\t\t<div class=\"eltd-section-title-title-holder\">\n\t\t\t\t<h3 class=\"eltd-section-title\" style=\";font-size: 22px;;;;;;\">\n\t\t\t\tTip 8: De Houtkamp\t\t\t\t<\/h3>\n\t\t<\/div>\n\t\n<\/div>[vc_gallery type=&#8220;flexslider_slide&#8220; interval=&#8220;5&#8243; images=&#8220;10551,10554,10557&#8243; img_size=&#8220;300 x 200&#8243; css=&#8220;.vc_custom_1668893714741{margin-top: 25px !important;}&#8220;][vc_column_text]<\/p>\n<p style=\"text-align: center;\">Neben dem Eingang zum Nationalpark De Hoge Veluwe und dem Kroller Muller Museum liegt dieser charakteristische und stilvolle Dielenhof aus <sup>dem<\/sup> 19. Jahrhundert, ein sogenannter T-Bauernhof. Das derzeitige Anwesen besteht aus einem asymmetrischen Vorderhaus und&#8230; <a href=\"https:\/\/www.de-waldhoorn.nl\/de-houtkamp\/\" target=\"_blank\" rel=\"noopener\">Mehr lesen<\/a><\/p>\n<p>[\/vc_column_text][\/vc_column][vc_column width=&#8220;1\/3&#8243;]<div class=\"eltd-section-title-outer-holder\" style=\"text-align: center\">\n\n\t\n\t\t\t<div class=\"eltd-section-title-title-holder\">\n\t\t\t\t<h3 class=\"eltd-section-title\" style=\";font-size: 22px;;;;;;\">\n\t\t\t\tTip 9: De Zandberg\t\t\t\t<\/h3>\n\t\t<\/div>\n\t\n<\/div>[vc_gallery type=&#8220;flexslider_slide&#8220; interval=&#8220;5&#8243; images=&#8220;10560,10563,10566&#8243; img_size=&#8220;300 x 200&#8243; css=&#8220;.vc_custom_1668893721116{margin-top: 25px !important;}&#8220;][vc_column_text]<\/p>\n<p style=\"text-align: center;\">Etwas au\u00dferhalb von Otterlo liegt &#8218;de Zandberg&#8216;. An der Grenze zwischen dem Otterlosen Wald und dem Treibsandgebiet De Zanding befindet sich eine beeindruckende Treibwand. Dieser Wall wurde um 1900 gr\u00f6\u00dftenteils mit Waldkiefern bepflanzt, um&#8230; <a href=\"https:\/\/www.de-waldhoorn.nl\/de-zandberg\/\" target=\"_blank\" rel=\"noopener\">Mehr lesen<\/a><\/p>\n<p>[\/vc_column_text][\/vc_column][\/vc_row][vc_row css=&#8220;.vc_custom_1668893799381{padding-bottom: 53px !important;}&#8220;][vc_column width=&#8220;1\/3&#8243;]<div class=\"eltd-section-title-outer-holder\" style=\"text-align: center\">\n\n\t\n\t\t\t<div class=\"eltd-section-title-title-holder\">\n\t\t\t\t<h3 class=\"eltd-section-title\" style=\";font-size: 22px;;;;;;\">\n\t\t\t\tTip 10: De Valenberg\t\t\t\t<\/h3>\n\t\t<\/div>\n\t\n<\/div>[vc_gallery type=&#8220;flexslider_slide&#8220; interval=&#8220;5&#8243; images=&#8220;10569,10572,10575&#8243; img_size=&#8220;300 x 200&#8243; css=&#8220;.vc_custom_1668893828274{margin-top: 25px !important;}&#8220;][vc_column_text]<\/p>\n<p style=\"text-align: center;\">Der Valenberg ist ein Aussichtspunkt im Naturschutzgebiet Planken Wambuis. Von hier aus hat man u.a. einen weiten Blick auf das Mosselseveld. Sie k\u00f6nnen auch auf Radio Kootwijk, Otterlo und <a href=\"https:\/\/www.de-waldhoorn.nl\/uitzichtpunt-mossel-de-valenberg\/\" target=\"_blank\" rel=\"noopener\">Mehr lesen<\/a><\/p>\n<p>[\/vc_column_text][\/vc_column][vc_column width=&#8220;1\/3&#8243;]<div class=\"eltd-section-title-outer-holder\" style=\"text-align: center\">\n\n\t\n\t\t\t<div class=\"eltd-section-title-title-holder\">\n\t\t\t\t<h3 class=\"eltd-section-title\" style=\";font-size: 22px;;;;;;\">\n\t\t\t\tTip 11: Oud Reemst\t\t\t\t<\/h3>\n\t\t<\/div>\n\t\n<\/div>[vc_gallery type=&#8220;flexslider_slide&#8220; interval=&#8220;5&#8243; images=&#8220;10578,10581,10584&#8243; img_size=&#8220;300 x 200&#8243; css=&#8220;.vc_custom_1668893733936{margin-top: 25px !important;}&#8220;][vc_column_text]<\/p>\n<p style=\"text-align: center;\">Von diesem Beobachtungsposten f\u00fcr Wildtiere in der N\u00e4he des Weilers Oud Reemst blickt man auf eine Weidefl\u00e4che. Hier tummeln sich Wildschweine, Rehe, halbwilde Ponys und spanische Sayaguesa-Rinder. Dieser Ort &#8230; <a href=\"https:\/\/www.de-waldhoorn.nl\/oud-reemst\/\" target=\"_blank\" rel=\"noopener\">Mehr lesen<\/a><\/p>\n<p>[\/vc_column_text][\/vc_column][vc_column width=&#8220;1\/3&#8243;]<div class=\"eltd-section-title-outer-holder\" style=\"text-align: center\">\n\n\t\n\t\t\t<div class=\"eltd-section-title-title-holder\">\n\t\t\t\t<h3 class=\"eltd-section-title\" style=\";font-size: 22px;;;;;;\">\n\t\t\t\tTip 12: Radio Kootwijk\t\t\t\t<\/h3>\n\t\t<\/div>\n\t\n<\/div>[vc_gallery type=&#8220;flexslider_slide&#8220; interval=&#8220;5&#8243; images=&#8220;10587,10590,10593&#8243; img_size=&#8220;300 x 200&#8243; css=&#8220;.vc_custom_1668893739976{margin-top: 25px !important;}&#8220;][vc_column_text]<\/p>\n<p style=\"text-align: center;\">Radio Kootwijk ist ein Dorf inmitten einer Sandverwehung. Zu Beginn des 20. Jahrhunderts wurden von hier aus Funkverbindungen in alle Teile der Welt hergestellt Heutzutage ist es der perfekte Ort f\u00fcr einen Zwischenstopp&#8230; <a href=\"https:\/\/www.de-waldhoorn.nl\/radio-kootwijk\/\" target=\"_blank\" rel=\"noopener\">Mehr lesen<\/a><\/p>\n<p>[\/vc_column_text][\/vc_column][\/vc_row][vc_row][vc_column width=&#8220;1\/3&#8243;]<div class=\"eltd-section-title-outer-holder\" style=\"text-align: center\">\n\n\t\n\t\t\t<div class=\"eltd-section-title-title-holder\">\n\t\t\t\t<h3 class=\"eltd-section-title\" style=\";font-size: 22px;;;;;;\">\n\t\t\t\tTip 13: Het Kootwijkerzand\t\t\t\t<\/h3>\n\t\t<\/div>\n\t\n<\/div>[vc_gallery type=&#8220;flexslider_slide&#8220; interval=&#8220;5&#8243; images=&#8220;10596,10599,10602&#8243; img_size=&#8220;300 x 200&#8243; css=&#8220;.vc_custom_1668893745954{margin-top: 25px !important;}&#8220;][vc_column_text]<\/p>\n<p style=\"text-align: center;\">Der Kootwijkerzand ist die gr\u00f6\u00dfte Sandverwehung in Europa. Vom Aussichtsturm &#8222;The Hourglass&#8220; hat man einen tollen Blick \u00fcber die Sandebene. Sie k\u00f6nnen sogar die Stadt Apeldoorn und Radio besuchen&#8230; <a href=\"https:\/\/www.de-waldhoorn.nl\/kootwijkerzand\/\" target=\"_blank\" rel=\"noopener\">Mehr lesen<\/a><\/p>\n<p>[\/vc_column_text][\/vc_column][vc_column width=&#8220;1\/3&#8243;][\/vc_column][vc_column width=&#8220;1\/3&#8243;][\/vc_column][\/vc_row]<\/p>\n<\/div>","protected":false},"excerpt":{"rendered":"<p>[vc_row][vc_column][\/vc_column][\/vc_row][vc_row equal_height=&#8220;yes&#8220; css=&#8220;.vc_custom_1668893610561{margin-top: 50px !important;padding-bottom: 53px !important;}&#8220;][vc_column][vc_column_text] Entdecken Sie die Hoge Veluwe! Dieses riesige Naturgebiet \u00fcberrascht Sie immer wieder; jede Jahreszeit hat ihre Reize. Von den sch\u00f6nsten Farben im Herbst bis zu einer lila Heide in voller Bl\u00fcte im August. Wandern \u00fcber Sandverwehungen, durch dichte&#8230;<\/p>\n","protected":false},"author":3,"featured_media":0,"parent":0,"menu_order":0,"comment_status":"closed","ping_status":"closed","template":"","meta":{"footnotes":""},"class_list":["post-13902","page","type-page","status-publish","hentry"],"yoast_head":"<!-- This site is optimized with the Yoast SEO plugin v27.4 - https:\/\/yoast.com\/product\/yoast-seo-wordpress\/ -->\n<title>Veluwe Tips - De Waldhoorn<\/title>\n<meta name=\"robots\" content=\"index, follow, max-snippet:-1, max-image-preview:large, max-video-preview:-1\" \/>\n<link rel=\"canonical\" href=\"https:\/\/www.de-waldhoorn.nl\/de\/veluwe-tips\/\" \/>\n<meta property=\"og:locale\" content=\"de_DE\" \/>\n<meta property=\"og:type\" content=\"article\" \/>\n<meta property=\"og:title\" content=\"Veluwe Tips - De Waldhoorn\" \/>\n<meta property=\"og:description\" content=\"[vc_row][vc_column][\/vc_column][\/vc_row][vc_row equal_height=&#8220;yes&#8220; css=&#8220;.vc_custom_1668893610561{margin-top: 50px !important;padding-bottom: 53px !important;}&#8220;][vc_column][vc_column_text] Entdecken Sie die Hoge Veluwe! Dieses riesige Naturgebiet \u00fcberrascht Sie immer wieder; jede Jahreszeit hat ihre Reize. Von den sch\u00f6nsten Farben im Herbst bis zu einer lila Heide in voller Bl\u00fcte im August. Wandern \u00fcber Sandverwehungen, durch dichte...\" \/>\n<meta property=\"og:url\" content=\"https:\/\/www.de-waldhoorn.nl\/de\/veluwe-tips\/\" \/>\n<meta property=\"og:site_name\" content=\"De Waldhoorn\" \/>\n<meta property=\"article:publisher\" content=\"https:\/\/www.facebook.com\/dewaldhoorn\/\" \/>\n<meta property=\"article:modified_time\" content=\"2023-05-10T17:21:34+00:00\" \/>\n<meta name=\"twitter:card\" content=\"summary_large_image\" \/>\n<meta name=\"twitter:label1\" content=\"Gesch\u00e4tzte Lesezeit\" \/>\n\t<meta name=\"twitter:data1\" content=\"5\u00a0Minuten\" \/>\n<script type=\"application\/ld+json\" class=\"yoast-schema-graph\">{\"@context\":\"https:\\\/\\\/schema.org\",\"@graph\":[{\"@type\":\"WebPage\",\"@id\":\"https:\\\/\\\/www.de-waldhoorn.nl\\\/de\\\/veluwe-tips\\\/\",\"url\":\"https:\\\/\\\/www.de-waldhoorn.nl\\\/de\\\/veluwe-tips\\\/\",\"name\":\"Veluwe Tips - De Waldhoorn\",\"isPartOf\":{\"@id\":\"https:\\\/\\\/www.de-waldhoorn.nl\\\/de\\\/#website\"},\"datePublished\":\"2023-01-18T15:04:54+00:00\",\"dateModified\":\"2023-05-10T17:21:34+00:00\",\"breadcrumb\":{\"@id\":\"https:\\\/\\\/www.de-waldhoorn.nl\\\/de\\\/veluwe-tips\\\/#breadcrumb\"},\"inLanguage\":\"de\",\"potentialAction\":[{\"@type\":\"ReadAction\",\"target\":[\"https:\\\/\\\/www.de-waldhoorn.nl\\\/de\\\/veluwe-tips\\\/\"]}]},{\"@type\":\"BreadcrumbList\",\"@id\":\"https:\\\/\\\/www.de-waldhoorn.nl\\\/de\\\/veluwe-tips\\\/#breadcrumb\",\"itemListElement\":[{\"@type\":\"ListItem\",\"position\":1,\"name\":\"Home\",\"item\":\"https:\\\/\\\/www.de-waldhoorn.nl\\\/de\\\/\"},{\"@type\":\"ListItem\",\"position\":2,\"name\":\"Veluwe Tips\"}]},{\"@type\":\"WebSite\",\"@id\":\"https:\\\/\\\/www.de-waldhoorn.nl\\\/de\\\/#website\",\"url\":\"https:\\\/\\\/www.de-waldhoorn.nl\\\/de\\\/\",\"name\":\"De Waldhoorn\",\"description\":\"Restaurant in de Veluwe\",\"publisher\":{\"@id\":\"https:\\\/\\\/www.de-waldhoorn.nl\\\/de\\\/#organization\"},\"potentialAction\":[{\"@type\":\"SearchAction\",\"target\":{\"@type\":\"EntryPoint\",\"urlTemplate\":\"https:\\\/\\\/www.de-waldhoorn.nl\\\/de\\\/?s={search_term_string}\"},\"query-input\":{\"@type\":\"PropertyValueSpecification\",\"valueRequired\":true,\"valueName\":\"search_term_string\"}}],\"inLanguage\":\"de\"},{\"@type\":\"Organization\",\"@id\":\"https:\\\/\\\/www.de-waldhoorn.nl\\\/de\\\/#organization\",\"name\":\"De Waldhoorn\",\"url\":\"https:\\\/\\\/www.de-waldhoorn.nl\\\/de\\\/\",\"logo\":{\"@type\":\"ImageObject\",\"inLanguage\":\"de\",\"@id\":\"https:\\\/\\\/www.de-waldhoorn.nl\\\/de\\\/#\\\/schema\\\/logo\\\/image\\\/\",\"url\":\"https:\\\/\\\/www.de-waldhoorn.nl\\\/wp-content\\\/uploads\\\/2022\\\/04\\\/black_logo_waldhoorn.png\",\"contentUrl\":\"https:\\\/\\\/www.de-waldhoorn.nl\\\/wp-content\\\/uploads\\\/2022\\\/04\\\/black_logo_waldhoorn.png\",\"width\":317,\"height\":202,\"caption\":\"De Waldhoorn\"},\"image\":{\"@id\":\"https:\\\/\\\/www.de-waldhoorn.nl\\\/de\\\/#\\\/schema\\\/logo\\\/image\\\/\"},\"sameAs\":[\"https:\\\/\\\/www.facebook.com\\\/dewaldhoorn\\\/\"]}]}<\/script>\n<!-- \/ Yoast SEO plugin. -->","yoast_head_json":{"title":"Veluwe Tips - De Waldhoorn","robots":{"index":"index","follow":"follow","max-snippet":"max-snippet:-1","max-image-preview":"max-image-preview:large","max-video-preview":"max-video-preview:-1"},"canonical":"https:\/\/www.de-waldhoorn.nl\/de\/veluwe-tips\/","og_locale":"de_DE","og_type":"article","og_title":"Veluwe Tips - De Waldhoorn","og_description":"[vc_row][vc_column][\/vc_column][\/vc_row][vc_row equal_height=&#8220;yes&#8220; css=&#8220;.vc_custom_1668893610561{margin-top: 50px !important;padding-bottom: 53px !important;}&#8220;][vc_column][vc_column_text] Entdecken Sie die Hoge Veluwe! Dieses riesige Naturgebiet \u00fcberrascht Sie immer wieder; jede Jahreszeit hat ihre Reize. Von den sch\u00f6nsten Farben im Herbst bis zu einer lila Heide in voller Bl\u00fcte im August. Wandern \u00fcber Sandverwehungen, durch dichte...","og_url":"https:\/\/www.de-waldhoorn.nl\/de\/veluwe-tips\/","og_site_name":"De Waldhoorn","article_publisher":"https:\/\/www.facebook.com\/dewaldhoorn\/","article_modified_time":"2023-05-10T17:21:34+00:00","twitter_card":"summary_large_image","twitter_misc":{"Gesch\u00e4tzte Lesezeit":"5\u00a0Minuten"},"schema":{"@context":"https:\/\/schema.org","@graph":[{"@type":"WebPage","@id":"https:\/\/www.de-waldhoorn.nl\/de\/veluwe-tips\/","url":"https:\/\/www.de-waldhoorn.nl\/de\/veluwe-tips\/","name":"Veluwe Tips - De Waldhoorn","isPartOf":{"@id":"https:\/\/www.de-waldhoorn.nl\/de\/#website"},"datePublished":"2023-01-18T15:04:54+00:00","dateModified":"2023-05-10T17:21:34+00:00","breadcrumb":{"@id":"https:\/\/www.de-waldhoorn.nl\/de\/veluwe-tips\/#breadcrumb"},"inLanguage":"de","potentialAction":[{"@type":"ReadAction","target":["https:\/\/www.de-waldhoorn.nl\/de\/veluwe-tips\/"]}]},{"@type":"BreadcrumbList","@id":"https:\/\/www.de-waldhoorn.nl\/de\/veluwe-tips\/#breadcrumb","itemListElement":[{"@type":"ListItem","position":1,"name":"Home","item":"https:\/\/www.de-waldhoorn.nl\/de\/"},{"@type":"ListItem","position":2,"name":"Veluwe Tips"}]},{"@type":"WebSite","@id":"https:\/\/www.de-waldhoorn.nl\/de\/#website","url":"https:\/\/www.de-waldhoorn.nl\/de\/","name":"De Waldhoorn","description":"Restaurant in de Veluwe","publisher":{"@id":"https:\/\/www.de-waldhoorn.nl\/de\/#organization"},"potentialAction":[{"@type":"SearchAction","target":{"@type":"EntryPoint","urlTemplate":"https:\/\/www.de-waldhoorn.nl\/de\/?s={search_term_string}"},"query-input":{"@type":"PropertyValueSpecification","valueRequired":true,"valueName":"search_term_string"}}],"inLanguage":"de"},{"@type":"Organization","@id":"https:\/\/www.de-waldhoorn.nl\/de\/#organization","name":"De Waldhoorn","url":"https:\/\/www.de-waldhoorn.nl\/de\/","logo":{"@type":"ImageObject","inLanguage":"de","@id":"https:\/\/www.de-waldhoorn.nl\/de\/#\/schema\/logo\/image\/","url":"https:\/\/www.de-waldhoorn.nl\/wp-content\/uploads\/2022\/04\/black_logo_waldhoorn.png","contentUrl":"https:\/\/www.de-waldhoorn.nl\/wp-content\/uploads\/2022\/04\/black_logo_waldhoorn.png","width":317,"height":202,"caption":"De Waldhoorn"},"image":{"@id":"https:\/\/www.de-waldhoorn.nl\/de\/#\/schema\/logo\/image\/"},"sameAs":["https:\/\/www.facebook.com\/dewaldhoorn\/"]}]}},"_links":{"self":[{"href":"https:\/\/www.de-waldhoorn.nl\/de\/wp-json\/wp\/v2\/pages\/13902","targetHints":{"allow":["GET"]}}],"collection":[{"href":"https:\/\/www.de-waldhoorn.nl\/de\/wp-json\/wp\/v2\/pages"}],"about":[{"href":"https:\/\/www.de-waldhoorn.nl\/de\/wp-json\/wp\/v2\/types\/page"}],"author":[{"embeddable":true,"href":"https:\/\/www.de-waldhoorn.nl\/de\/wp-json\/wp\/v2\/users\/3"}],"replies":[{"embeddable":true,"href":"https:\/\/www.de-waldhoorn.nl\/de\/wp-json\/wp\/v2\/comments?post=13902"}],"version-history":[{"count":5,"href":"https:\/\/www.de-waldhoorn.nl\/de\/wp-json\/wp\/v2\/pages\/13902\/revisions"}],"predecessor-version":[{"id":14495,"href":"https:\/\/www.de-waldhoorn.nl\/de\/wp-json\/wp\/v2\/pages\/13902\/revisions\/14495"}],"wp:attachment":[{"href":"https:\/\/www.de-waldhoorn.nl\/de\/wp-json\/wp\/v2\/media?parent=13902"}],"curies":[{"name":"wp","href":"https:\/\/api.w.org\/{rel}","templated":true}]}}