{"id":13895,"date":"2023-01-25T14:59:01","date_gmt":"2023-01-25T13:59:01","guid":{"rendered":"https:\/\/www.de-waldhoorn.nl\/veelgestelde-vragen\/"},"modified":"2024-09-06T12:05:02","modified_gmt":"2024-09-06T11:05:02","slug":"veelgestelde-vragen","status":"publish","type":"page","link":"https:\/\/www.de-waldhoorn.nl\/de\/veelgestelde-vragen\/","title":{"rendered":"H\u00e4ufig gestellte Fragen"},"content":{"rendered":"<div class=\"wpb-content-wrapper\"><p>[vc_row content_aligment=&#8220;center&#8220;][vc_column offset=&#8220;vc_col-lg-offset-3 vc_col-lg-6 vc_col-md-offset-2 vc_col-md-8&#8243; css=&#8220;.vc_custom_1671374303030{padding-left: 50px !important;}&#8220;]<div class=\"eltd-section-title-outer-holder\" style=\"text-align: center\">\n\n\t\n\t\t\t<div class=\"eltd-section-title-title-holder\">\n\t\t\t\t<h2 class=\"eltd-section-title\" style=\";font-size: 42px;;font-weight: 600;line-height: 63px;;;\">\n\t\t\t\tH\u00e4ufig gestellte Fragen\t\t\t\t<\/h2>\n\t\t<\/div>\n\t\n<\/div>[vc_empty_space][\/vc_column][\/vc_row][vc_row][vc_column offset=&#8220;vc_col-lg-offset-3 vc_col-lg-6 vc_col-md-offset-2 vc_col-md-8&#8243;][vc_row_inner][vc_column_inner width=&#8220;1\/2&#8243;]<div class=\"eltd-accordion-holder clearfix eltd-toggle eltd-initial\">\n\t<h6 class=\"clearfix eltd-title-holder\">\n\t<span class=\"eltd-accordion-mark eltd-left-mark\">\n\t\t<span class=\"eltd-accordion-mark-icon\">\n\t\t\t<span class=\"icon_plus\"><\/span>\n\t\t\t<span class=\"icon_minus-06\"><\/span>\n\t\t<\/span>\n\t<\/span>\n\t<span class=\"eltd-tab-title\">\n\t\t<span class=\"eltd-tab-title-inner\">\n\t\t\tDarf der Hund mitkommen?\t\t<\/span>\n\t<\/span>\n<\/h6>\n<div class=\"eltd-accordion-content\" >\n\t<div class=\"eltd-accordion-content-inner\">\n\t\t[vc_column_text css=&#8220;&#8220;]Ihr treuer vierbeiniger Freund ist im Waldhoorn mehr als willkommen. Sowohl auf der Terrasse als auch im Restaurant.[\/vc_column_text]\t<\/div>\n<\/div><\/div><div class=\"eltd-accordion-holder clearfix eltd-toggle eltd-initial\">\n\t<h6 class=\"clearfix eltd-title-holder\">\n\t<span class=\"eltd-accordion-mark eltd-left-mark\">\n\t\t<span class=\"eltd-accordion-mark-icon\">\n\t\t\t<span class=\"icon_plus\"><\/span>\n\t\t\t<span class=\"icon_minus-06\"><\/span>\n\t\t<\/span>\n\t<\/span>\n\t<span class=\"eltd-tab-title\">\n\t\t<span class=\"eltd-tab-title-inner\">\n\t\t\tVermieten Sie auch Fahrr\u00e4der?\t\t<\/span>\n\t<\/span>\n<\/h6>\n<div class=\"eltd-accordion-content\" >\n\t<div class=\"eltd-accordion-content-inner\">\n\t\t[vc_column_text]F\u00fcr Fahrr\u00e4der, besuchen Sie unsere Nachbarn &#8218;<a href=\"https:\/\/www.veluwespecialist.nl\/?gclid=CjwKCAjw__ihBhADEiwAXEazJvoGTdX92aAMeeOU3Paro2Q12aVYOhhkOiElSV3OShT131Kv0DoBpBoCXDAQAvD_BwE\" target=\"_blank\" rel=\"noopener\">Veluwe specialist&#8216;<\/a> und &#8218;<a href=\"https:\/\/www.geerts-tweewielers.nl\/fietsverhuur\/?gclid=CjwKCAjw__ihBhADEiwAXEazJnUi8UfebvB6TDdRYvWeKDtKMGdc9zxCJx2nfk6GlxuO7c_u8mzEXRoCL74QAvD_BwE\" target=\"_blank\" rel=\"noopener\">Geerts tweewielers&#8216;<\/a>[\/vc_column_text]\t<\/div>\n<\/div><\/div><div class=\"eltd-accordion-holder clearfix eltd-toggle eltd-initial\">\n\t<h6 class=\"clearfix eltd-title-holder\">\n\t<span class=\"eltd-accordion-mark eltd-left-mark\">\n\t\t<span class=\"eltd-accordion-mark-icon\">\n\t\t\t<span class=\"icon_plus\"><\/span>\n\t\t\t<span class=\"icon_minus-06\"><\/span>\n\t\t<\/span>\n\t<\/span>\n\t<span class=\"eltd-tab-title\">\n\t\t<span class=\"eltd-tab-title-inner\">\n\t\t\tAkzeptieren Sie Geschenkkarten?\t\t<\/span>\n\t<\/span>\n<\/h6>\n<div class=\"eltd-accordion-content\" >\n\t<div class=\"eltd-accordion-content-inner\">\n\t\t[vc_column_text]<span style=\"color: #333333;\">De Waldhoorn akzeptiert die folgenden Geschenkkarten:<\/span><\/p>\n<ul>\n<li><span style=\"color: #333333;\">De Waldhoorn-Geschenkkarte<\/span><\/li>\n<li><span style=\"color: #333333;\">Geschenk zum Abendessen<\/span><\/li>\n<li><span style=\"color: #333333;\">Restaurantcadeau<\/span><\/li>\n<li><span style=\"color: #333333;\">Essensgutschein<\/span><\/li>\n<\/ul>\n<p>[\/vc_column_text]\t<\/div>\n<\/div><\/div><div class=\"eltd-accordion-holder clearfix eltd-toggle eltd-initial\">\n\t<h6 class=\"clearfix eltd-title-holder\">\n\t<span class=\"eltd-accordion-mark eltd-left-mark\">\n\t\t<span class=\"eltd-accordion-mark-icon\">\n\t\t\t<span class=\"icon_plus\"><\/span>\n\t\t\t<span class=\"icon_minus-06\"><\/span>\n\t\t<\/span>\n\t<\/span>\n\t<span class=\"eltd-tab-title\">\n\t\t<span class=\"eltd-tab-title-inner\">\n\t\t\tK\u00f6nnen Sie gro\u00dfe Gruppen beherbergen?\t\t<\/span>\n\t<\/span>\n<\/h6>\n<div class=\"eltd-accordion-content\" >\n\t<div class=\"eltd-accordion-content-inner\">\n\t\t[vc_column_text]Sie k\u00f6nnen auf jeden Fall mit einer gro\u00dfen Gruppe zum Waldhoorn fahren. F\u00fcr eine Gruppe von mehr als 10 Personen senden Sie bitte eine E-Mail an: reserveringen@de-waldhoorn.nl[\/vc_column_text]\t<\/div>\n<\/div><\/div><div class=\"eltd-accordion-holder clearfix eltd-toggle eltd-initial\">\n\t<h6 class=\"clearfix eltd-title-holder\">\n\t<span class=\"eltd-accordion-mark eltd-left-mark\">\n\t\t<span class=\"eltd-accordion-mark-icon\">\n\t\t\t<span class=\"icon_plus\"><\/span>\n\t\t\t<span class=\"icon_minus-06\"><\/span>\n\t\t<\/span>\n\t<\/span>\n\t<span class=\"eltd-tab-title\">\n\t\t<span class=\"eltd-tab-title-inner\">\n\t\t\tGibt es Ladestationen?\t\t<\/span>\n\t<\/span>\n<\/h6>\n<div class=\"eltd-accordion-content\" >\n\t<div class=\"eltd-accordion-content-inner\">\n\t\t[vc_column_text]Im De Waldhoorn k\u00f6nnen Sie sowohl Ihr Handy als auch die Batterie Ihres Fahrrads aufladen.[\/vc_column_text]\t<\/div>\n<\/div><\/div><div class=\"eltd-accordion-holder clearfix eltd-toggle eltd-initial\">\n\t<h6 class=\"clearfix eltd-title-holder\">\n\t<span class=\"eltd-accordion-mark eltd-left-mark\">\n\t\t<span class=\"eltd-accordion-mark-icon\">\n\t\t\t<span class=\"icon_plus\"><\/span>\n\t\t\t<span class=\"icon_minus-06\"><\/span>\n\t\t<\/span>\n\t<\/span>\n\t<span class=\"eltd-tab-title\">\n\t\t<span class=\"eltd-tab-title-inner\">\n\t\t\tKann man bei Ihnen auch vegetarisch oder vegan essen?\t\t<\/span>\n\t<\/span>\n<\/h6>\n<div class=\"eltd-accordion-content\" >\n\t<div class=\"eltd-accordion-content-inner\">\n\t\t[vc_column_text]Unsere Speisekarte umfasst sowohl vegetarische als auch vegane Gerichte.[\/vc_column_text]\t<\/div>\n<\/div><\/div><div class=\"eltd-accordion-holder clearfix eltd-toggle eltd-initial\">\n\t<h6 class=\"clearfix eltd-title-holder\">\n\t<span class=\"eltd-accordion-mark eltd-left-mark\">\n\t\t<span class=\"eltd-accordion-mark-icon\">\n\t\t\t<span class=\"icon_plus\"><\/span>\n\t\t\t<span class=\"icon_minus-06\"><\/span>\n\t\t<\/span>\n\t<\/span>\n\t<span class=\"eltd-tab-title\">\n\t\t<span class=\"eltd-tab-title-inner\">\n\t\t\tHaben Sie Heizger\u00e4te auf der Terrasse?\t\t<\/span>\n\t<\/span>\n<\/h6>\n<div class=\"eltd-accordion-content\" >\n\t<div class=\"eltd-accordion-content-inner\">\n\t\t[vc_column_text]Im Winter k\u00f6nnen Sie im Waldhoorn auch etwas essen und trinken. Wir haben mehrere Heizungen, Kamine, Decken und sogar beheizte Sitzkissen.[\/vc_column_text]\t<\/div>\n<\/div><\/div>[\/vc_column_inner][vc_column_inner width=&#8220;1\/2&#8243;]<div class=\"eltd-accordion-holder clearfix eltd-toggle eltd-initial\">\n\t<h6 class=\"clearfix eltd-title-holder\">\n\t<span class=\"eltd-accordion-mark eltd-left-mark\">\n\t\t<span class=\"eltd-accordion-mark-icon\">\n\t\t\t<span class=\"icon_plus\"><\/span>\n\t\t\t<span class=\"icon_minus-06\"><\/span>\n\t\t<\/span>\n\t<\/span>\n\t<span class=\"eltd-tab-title\">\n\t\t<span class=\"eltd-tab-title-inner\">\n\t\t\tK\u00f6nnen Sie auch Reservierungen f\u00fcr die Terrasse vornehmen?\t\t<\/span>\n\t<\/span>\n<\/h6>\n<div class=\"eltd-accordion-content\" >\n\t<div class=\"eltd-accordion-content-inner\">\n\t\t[vc_column_text]Wir nehmen keine Reservierungen auf der Terasse vor, da wir nicht absch\u00e4tzen k\u00f6nnen, wie lange unsere G\u00e4ste bleiben werden Wir halten gerne einen Tisch f\u00fcr Sie reserviert, damit Sie wenigstens einen sch\u00f6nen Platz haben. Wenn dann eine Platz auf der Terrasse frei wird, k\u00f6nnen Sie dort Platz nehmen.[\/vc_column_text]\t<\/div>\n<\/div><\/div><div class=\"eltd-accordion-holder clearfix eltd-toggle eltd-initial\">\n\t<h6 class=\"clearfix eltd-title-holder\">\n\t<span class=\"eltd-accordion-mark eltd-left-mark\">\n\t\t<span class=\"eltd-accordion-mark-icon\">\n\t\t\t<span class=\"icon_plus\"><\/span>\n\t\t\t<span class=\"icon_minus-06\"><\/span>\n\t\t<\/span>\n\t<\/span>\n\t<span class=\"eltd-tab-title\">\n\t\t<span class=\"eltd-tab-title-inner\">\n\t\t\thaben Sie Parkm\u00f6glichkeiten in der N\u00e4he von The Waldhoorn?\t\t<\/span>\n\t<\/span>\n<\/h6>\n<div class=\"eltd-accordion-content\" >\n\t<div class=\"eltd-accordion-content-inner\">\n\t\t[vc_column_text]Gegen\u00fcber von De Waldhoorn haben wir eine Parkwiese, wo Sie parken k\u00f6nnen.[\/vc_column_text]\t<\/div>\n<\/div><\/div><div class=\"eltd-accordion-holder clearfix eltd-toggle eltd-initial\">\n\t<h6 class=\"clearfix eltd-title-holder\">\n\t<span class=\"eltd-accordion-mark eltd-left-mark\">\n\t\t<span class=\"eltd-accordion-mark-icon\">\n\t\t\t<span class=\"icon_plus\"><\/span>\n\t\t\t<span class=\"icon_minus-06\"><\/span>\n\t\t<\/span>\n\t<\/span>\n\t<span class=\"eltd-tab-title\">\n\t\t<span class=\"eltd-tab-title-inner\">\n\t\t\tIst es m\u00f6glich, bei Ihnen zu essen, wenn man eine Allergie hat oder eine bestimmte Di\u00e4t einhalten muss?\t\t<\/span>\n\t<\/span>\n<\/h6>\n<div class=\"eltd-accordion-content\" >\n\t<div class=\"eltd-accordion-content-inner\">\n\t\t[vc_column_text]Sie k\u00f6nnen auch mit Allergien oder di\u00e4tetischen Anforderungen zum Waldhoorn kommen. In der Beratung ist fast alles m\u00f6glich.[\/vc_column_text]\t<\/div>\n<\/div><\/div><div class=\"eltd-accordion-holder clearfix eltd-toggle eltd-initial\">\n\t<h6 class=\"clearfix eltd-title-holder\">\n\t<span class=\"eltd-accordion-mark eltd-left-mark\">\n\t\t<span class=\"eltd-accordion-mark-icon\">\n\t\t\t<span class=\"icon_plus\"><\/span>\n\t\t\t<span class=\"icon_minus-06\"><\/span>\n\t\t<\/span>\n\t<\/span>\n\t<span class=\"eltd-tab-title\">\n\t\t<span class=\"eltd-tab-title-inner\">\n\t\t\tHaben Sie eine Behindertentoilette?\t\t<\/span>\n\t<\/span>\n<\/h6>\n<div class=\"eltd-accordion-content\" >\n\t<div class=\"eltd-accordion-content-inner\">\n\t\t[vc_column_text]Der Waldhoorn verf\u00fcgt \u00fcber eine bereits renovierte Behindertentoilette.[\/vc_column_text]\t<\/div>\n<\/div><\/div><div class=\"eltd-accordion-holder clearfix eltd-toggle eltd-initial\">\n\t<h6 class=\"clearfix eltd-title-holder\">\n\t<span class=\"eltd-accordion-mark eltd-left-mark\">\n\t\t<span class=\"eltd-accordion-mark-icon\">\n\t\t\t<span class=\"icon_plus\"><\/span>\n\t\t\t<span class=\"icon_minus-06\"><\/span>\n\t\t<\/span>\n\t<\/span>\n\t<span class=\"eltd-tab-title\">\n\t\t<span class=\"eltd-tab-title-inner\">\n\t\t\tGibt es einen Spielplatz f\u00fcr die Kinder?\t\t<\/span>\n\t<\/span>\n<\/h6>\n<div class=\"eltd-accordion-content\" >\n\t<div class=\"eltd-accordion-content-inner\">\n\t\t[vc_column_text]Mit Malseiten, verschiedenen Kindergerichten und einem Naturspielplatz k\u00f6nnen Sie sich mit Ihren Kindern auf De Waldhoorn vergn\u00fcgen.[\/vc_column_text]\t<\/div>\n<\/div><\/div><div class=\"eltd-accordion-holder clearfix eltd-toggle eltd-initial\">\n\t<h6 class=\"clearfix eltd-title-holder\">\n\t<span class=\"eltd-accordion-mark eltd-left-mark\">\n\t\t<span class=\"eltd-accordion-mark-icon\">\n\t\t\t<span class=\"icon_plus\"><\/span>\n\t\t\t<span class=\"icon_minus-06\"><\/span>\n\t\t<\/span>\n\t<\/span>\n\t<span class=\"eltd-tab-title\">\n\t\t<span class=\"eltd-tab-title-inner\">\n\t\t\tHaben Sie einen Wickeltisch?\t\t<\/span>\n\t<\/span>\n<\/h6>\n<div class=\"eltd-accordion-content\" >\n\t<div class=\"eltd-accordion-content-inner\">\n\t\t[vc_column_text]Sowohl in der Behindertentoilette in der Korenschuur als auch in der Damentoilette im Restaurant gibt es einen Wickeltisch.[\/vc_column_text]\t<\/div>\n<\/div><\/div>[\/vc_column_inner][\/vc_row_inner][\/vc_column][\/vc_row]<\/p>\n<\/div>","protected":false},"excerpt":{"rendered":"<p>[vc_row content_aligment=&#8220;center&#8220;][vc_column offset=&#8220;vc_col-lg-offset-3 vc_col-lg-6 vc_col-md-offset-2 vc_col-md-8&#8243; css=&#8220;.vc_custom_1671374303030{padding-left: 50px !important;}&#8220;][vc_empty_space][\/vc_column][\/vc_row][vc_row][vc_column offset=&#8220;vc_col-lg-offset-3 vc_col-lg-6 vc_col-md-offset-2 vc_col-md-8&#8243;][vc_row_inner][vc_column_inner width=&#8220;1\/2&#8243;][\/vc_column_inner][vc_column_inner width=&#8220;1\/2&#8243;][\/vc_column_inner][\/vc_row_inner][\/vc_column][\/vc_row]<\/p>\n","protected":false},"author":3,"featured_media":0,"parent":0,"menu_order":0,"comment_status":"closed","ping_status":"closed","template":"full-width.php","meta":{"footnotes":""},"class_list":["post-13895","page","type-page","status-publish","hentry"],"yoast_head":"<!-- This site is optimized with the Yoast SEO plugin v27.4 - https:\/\/yoast.com\/product\/yoast-seo-wordpress\/ -->\n<title>H\u00e4ufig gestellte Fragen bij restaurant De Waldhoorn<\/title>\n<meta name=\"description\" content=\"Beenden Sie den Tag mit einem lustigen und einzigartigen BBQ im Restaurant! Kommen Sie und genie\u00dfen Sie die Veluwe-Gastfreundschaft, Spitzengerichte und lokale Biere.\" \/>\n<meta name=\"robots\" content=\"index, follow, max-snippet:-1, max-image-preview:large, max-video-preview:-1\" \/>\n<link rel=\"canonical\" href=\"https:\/\/www.de-waldhoorn.nl\/de\/veelgestelde-vragen\/\" \/>\n<meta property=\"og:locale\" content=\"de_DE\" \/>\n<meta property=\"og:type\" content=\"article\" \/>\n<meta property=\"og:title\" content=\"H\u00e4ufig gestellte Fragen bij restaurant De Waldhoorn\" \/>\n<meta property=\"og:description\" content=\"Beenden Sie den Tag mit einem lustigen und einzigartigen BBQ im Restaurant! Kommen Sie und genie\u00dfen Sie die Veluwe-Gastfreundschaft, Spitzengerichte und lokale Biere.\" \/>\n<meta property=\"og:url\" content=\"https:\/\/www.de-waldhoorn.nl\/de\/veelgestelde-vragen\/\" \/>\n<meta property=\"og:site_name\" content=\"De Waldhoorn\" \/>\n<meta property=\"article:publisher\" content=\"https:\/\/www.facebook.com\/dewaldhoorn\/\" \/>\n<meta property=\"article:modified_time\" content=\"2024-09-06T11:05:02+00:00\" \/>\n<meta name=\"twitter:card\" content=\"summary_large_image\" \/>\n<meta name=\"twitter:label1\" content=\"Gesch\u00e4tzte Lesezeit\" \/>\n\t<meta name=\"twitter:data1\" content=\"2\u00a0Minuten\" \/>\n<script type=\"application\/ld+json\" class=\"yoast-schema-graph\">{\"@context\":\"https:\\\/\\\/schema.org\",\"@graph\":[{\"@type\":\"WebPage\",\"@id\":\"https:\\\/\\\/www.de-waldhoorn.nl\\\/de\\\/veelgestelde-vragen\\\/\",\"url\":\"https:\\\/\\\/www.de-waldhoorn.nl\\\/de\\\/veelgestelde-vragen\\\/\",\"name\":\"H\u00e4ufig gestellte Fragen bij restaurant De Waldhoorn\",\"isPartOf\":{\"@id\":\"https:\\\/\\\/www.de-waldhoorn.nl\\\/de\\\/#website\"},\"datePublished\":\"2023-01-25T13:59:01+00:00\",\"dateModified\":\"2024-09-06T11:05:02+00:00\",\"description\":\"Beenden Sie den Tag mit einem lustigen und einzigartigen BBQ im Restaurant! Kommen Sie und genie\u00dfen Sie die Veluwe-Gastfreundschaft, Spitzengerichte und lokale Biere.\",\"breadcrumb\":{\"@id\":\"https:\\\/\\\/www.de-waldhoorn.nl\\\/de\\\/veelgestelde-vragen\\\/#breadcrumb\"},\"inLanguage\":\"de\",\"potentialAction\":[{\"@type\":\"ReadAction\",\"target\":[\"https:\\\/\\\/www.de-waldhoorn.nl\\\/de\\\/veelgestelde-vragen\\\/\"]}]},{\"@type\":\"BreadcrumbList\",\"@id\":\"https:\\\/\\\/www.de-waldhoorn.nl\\\/de\\\/veelgestelde-vragen\\\/#breadcrumb\",\"itemListElement\":[{\"@type\":\"ListItem\",\"position\":1,\"name\":\"Home\",\"item\":\"https:\\\/\\\/www.de-waldhoorn.nl\\\/de\\\/\"},{\"@type\":\"ListItem\",\"position\":2,\"name\":\"H\u00e4ufig gestellte Fragen\"}]},{\"@type\":\"WebSite\",\"@id\":\"https:\\\/\\\/www.de-waldhoorn.nl\\\/de\\\/#website\",\"url\":\"https:\\\/\\\/www.de-waldhoorn.nl\\\/de\\\/\",\"name\":\"De Waldhoorn\",\"description\":\"Restaurant in de Veluwe\",\"publisher\":{\"@id\":\"https:\\\/\\\/www.de-waldhoorn.nl\\\/de\\\/#organization\"},\"potentialAction\":[{\"@type\":\"SearchAction\",\"target\":{\"@type\":\"EntryPoint\",\"urlTemplate\":\"https:\\\/\\\/www.de-waldhoorn.nl\\\/de\\\/?s={search_term_string}\"},\"query-input\":{\"@type\":\"PropertyValueSpecification\",\"valueRequired\":true,\"valueName\":\"search_term_string\"}}],\"inLanguage\":\"de\"},{\"@type\":\"Organization\",\"@id\":\"https:\\\/\\\/www.de-waldhoorn.nl\\\/de\\\/#organization\",\"name\":\"De Waldhoorn\",\"url\":\"https:\\\/\\\/www.de-waldhoorn.nl\\\/de\\\/\",\"logo\":{\"@type\":\"ImageObject\",\"inLanguage\":\"de\",\"@id\":\"https:\\\/\\\/www.de-waldhoorn.nl\\\/de\\\/#\\\/schema\\\/logo\\\/image\\\/\",\"url\":\"https:\\\/\\\/www.de-waldhoorn.nl\\\/wp-content\\\/uploads\\\/2022\\\/04\\\/black_logo_waldhoorn.png\",\"contentUrl\":\"https:\\\/\\\/www.de-waldhoorn.nl\\\/wp-content\\\/uploads\\\/2022\\\/04\\\/black_logo_waldhoorn.png\",\"width\":317,\"height\":202,\"caption\":\"De Waldhoorn\"},\"image\":{\"@id\":\"https:\\\/\\\/www.de-waldhoorn.nl\\\/de\\\/#\\\/schema\\\/logo\\\/image\\\/\"},\"sameAs\":[\"https:\\\/\\\/www.facebook.com\\\/dewaldhoorn\\\/\"]}]}<\/script>\n<!-- \/ Yoast SEO plugin. -->","yoast_head_json":{"title":"H\u00e4ufig gestellte Fragen bij restaurant De Waldhoorn","description":"Beenden Sie den Tag mit einem lustigen und einzigartigen BBQ im Restaurant! Kommen Sie und genie\u00dfen Sie die Veluwe-Gastfreundschaft, Spitzengerichte und lokale Biere.","robots":{"index":"index","follow":"follow","max-snippet":"max-snippet:-1","max-image-preview":"max-image-preview:large","max-video-preview":"max-video-preview:-1"},"canonical":"https:\/\/www.de-waldhoorn.nl\/de\/veelgestelde-vragen\/","og_locale":"de_DE","og_type":"article","og_title":"H\u00e4ufig gestellte Fragen bij restaurant De Waldhoorn","og_description":"Beenden Sie den Tag mit einem lustigen und einzigartigen BBQ im Restaurant! Kommen Sie und genie\u00dfen Sie die Veluwe-Gastfreundschaft, Spitzengerichte und lokale Biere.","og_url":"https:\/\/www.de-waldhoorn.nl\/de\/veelgestelde-vragen\/","og_site_name":"De Waldhoorn","article_publisher":"https:\/\/www.facebook.com\/dewaldhoorn\/","article_modified_time":"2024-09-06T11:05:02+00:00","twitter_card":"summary_large_image","twitter_misc":{"Gesch\u00e4tzte Lesezeit":"2\u00a0Minuten"},"schema":{"@context":"https:\/\/schema.org","@graph":[{"@type":"WebPage","@id":"https:\/\/www.de-waldhoorn.nl\/de\/veelgestelde-vragen\/","url":"https:\/\/www.de-waldhoorn.nl\/de\/veelgestelde-vragen\/","name":"H\u00e4ufig gestellte Fragen bij restaurant De Waldhoorn","isPartOf":{"@id":"https:\/\/www.de-waldhoorn.nl\/de\/#website"},"datePublished":"2023-01-25T13:59:01+00:00","dateModified":"2024-09-06T11:05:02+00:00","description":"Beenden Sie den Tag mit einem lustigen und einzigartigen BBQ im Restaurant! Kommen Sie und genie\u00dfen Sie die Veluwe-Gastfreundschaft, Spitzengerichte und lokale Biere.","breadcrumb":{"@id":"https:\/\/www.de-waldhoorn.nl\/de\/veelgestelde-vragen\/#breadcrumb"},"inLanguage":"de","potentialAction":[{"@type":"ReadAction","target":["https:\/\/www.de-waldhoorn.nl\/de\/veelgestelde-vragen\/"]}]},{"@type":"BreadcrumbList","@id":"https:\/\/www.de-waldhoorn.nl\/de\/veelgestelde-vragen\/#breadcrumb","itemListElement":[{"@type":"ListItem","position":1,"name":"Home","item":"https:\/\/www.de-waldhoorn.nl\/de\/"},{"@type":"ListItem","position":2,"name":"H\u00e4ufig gestellte Fragen"}]},{"@type":"WebSite","@id":"https:\/\/www.de-waldhoorn.nl\/de\/#website","url":"https:\/\/www.de-waldhoorn.nl\/de\/","name":"De Waldhoorn","description":"Restaurant in de Veluwe","publisher":{"@id":"https:\/\/www.de-waldhoorn.nl\/de\/#organization"},"potentialAction":[{"@type":"SearchAction","target":{"@type":"EntryPoint","urlTemplate":"https:\/\/www.de-waldhoorn.nl\/de\/?s={search_term_string}"},"query-input":{"@type":"PropertyValueSpecification","valueRequired":true,"valueName":"search_term_string"}}],"inLanguage":"de"},{"@type":"Organization","@id":"https:\/\/www.de-waldhoorn.nl\/de\/#organization","name":"De Waldhoorn","url":"https:\/\/www.de-waldhoorn.nl\/de\/","logo":{"@type":"ImageObject","inLanguage":"de","@id":"https:\/\/www.de-waldhoorn.nl\/de\/#\/schema\/logo\/image\/","url":"https:\/\/www.de-waldhoorn.nl\/wp-content\/uploads\/2022\/04\/black_logo_waldhoorn.png","contentUrl":"https:\/\/www.de-waldhoorn.nl\/wp-content\/uploads\/2022\/04\/black_logo_waldhoorn.png","width":317,"height":202,"caption":"De Waldhoorn"},"image":{"@id":"https:\/\/www.de-waldhoorn.nl\/de\/#\/schema\/logo\/image\/"},"sameAs":["https:\/\/www.facebook.com\/dewaldhoorn\/"]}]}},"_links":{"self":[{"href":"https:\/\/www.de-waldhoorn.nl\/de\/wp-json\/wp\/v2\/pages\/13895","targetHints":{"allow":["GET"]}}],"collection":[{"href":"https:\/\/www.de-waldhoorn.nl\/de\/wp-json\/wp\/v2\/pages"}],"about":[{"href":"https:\/\/www.de-waldhoorn.nl\/de\/wp-json\/wp\/v2\/types\/page"}],"author":[{"embeddable":true,"href":"https:\/\/www.de-waldhoorn.nl\/de\/wp-json\/wp\/v2\/users\/3"}],"replies":[{"embeddable":true,"href":"https:\/\/www.de-waldhoorn.nl\/de\/wp-json\/wp\/v2\/comments?post=13895"}],"version-history":[{"count":5,"href":"https:\/\/www.de-waldhoorn.nl\/de\/wp-json\/wp\/v2\/pages\/13895\/revisions"}],"predecessor-version":[{"id":15559,"href":"https:\/\/www.de-waldhoorn.nl\/de\/wp-json\/wp\/v2\/pages\/13895\/revisions\/15559"}],"wp:attachment":[{"href":"https:\/\/www.de-waldhoorn.nl\/de\/wp-json\/wp\/v2\/media?parent=13895"}],"curies":[{"name":"wp","href":"https:\/\/api.w.org\/{rel}","templated":true}]}}